{"id":4317,"date":"2025-12-23T16:49:35","date_gmt":"2025-12-23T15:49:35","guid":{"rendered":"https:\/\/clubmoritzino.it\/pochette-club-moritzino-apres-ski-edition\/"},"modified":"2025-12-23T17:16:01","modified_gmt":"2025-12-23T16:16:01","slug":"pochette-club-moritzino-apres-ski-edition","status":"publish","type":"product","link":"https:\/\/clubmoritzino.it\/de\/pochette-club-moritzino-apres-ski-edition\/","title":{"rendered":"Pochette Club Moritzino \u2013 Apr\u00e8s-Ski Edition"},"content":{"rendered":"<p>Inspiriert von der exklusiven Atmosph\u00e4re des Apr\u00e8s-Ski in hochalpiner Umgebung vereint die Pochette Club Moritzino Funktionalit\u00e4t und Stil zu einem charakterstarken und eleganten Accessoire. Gefertigt aus weichem Boucl\u00e9-Stoff in warmem Beigeton, erinnert sie an die behaglichen Texturen des alpinen Winters und an die entspannte Eleganz der Berglounges.<\/p>\n<p>Das Design wird durch die kontrastreiche Stickerei \u201eClub Moritzino\u201c veredelt \u2013 ein Symbol der Zugeh\u00f6rigkeit zu einer Ikone der Dolomiten-Hospitality \u2013 sowie durch ein Detail aus Kunstleder mit der Aufschrift \u201eApr\u00e8s-Ski\u201c, das einen zeitgem\u00e4\u00dfen Lifestyle-Akzent setzt. Kompakt und dennoch ger\u00e4umig, eignet sich die Pochette ideal zur Aufbewahrung kleiner pers\u00f6nlicher Gegenst\u00e4nde, Accessoires oder Beauty-Essentials \u2013 auf Reisen ebenso wie im Alltag.<\/p>\n<p>Ein vielseitiges Accessoire f\u00fcr alle, die auch in den Details Wert auf Stil legen \u2013 perfekt als Geschenkidee oder als exklusives Element der Club-Moritzino-Kollektion.<\/p>\n","protected":false},"excerpt":{"rendered":"<p>Inspiriert von der exklusiven Atmosph\u00e4re des Apr\u00e8s-Ski in hochalpiner Umgebung vereint die Pochette Club Moritzino Funktionalit\u00e4t und Stil zu einem charakterstarken und eleganten Accessoire&#8230;.<\/p>\n","protected":false},"featured_media":4397,"comment_status":"closed","ping_status":"closed","template":"","meta":{"_EventAllDay":false,"_EventTimezone":"","_EventStartDate":"","_EventEndDate":"","_EventStartDateUTC":"","_EventEndDateUTC":"","_EventShowMap":false,"_EventShowMapLink":false,"_EventURL":"","_EventCost":"","_EventCostDescription":"","_EventCurrencySymbol":"","_EventCurrencyCode":"","_EventCurrencyPosition":"","_EventDateTimeSeparator":"","_EventTimeRangeSeparator":"","_EventOrganizerID":[],"_EventVenueID":[],"_OrganizerEmail":"","_OrganizerPhone":"","_OrganizerWebsite":"","_VenueAddress":"","_VenueCity":"","_VenueCountry":"","_VenueProvince":"","_VenueState":"","_VenueZip":"","_VenuePhone":"","_VenueURL":"","_VenueStateProvince":"","_VenueLat":"","_VenueLng":"","_VenueShowMap":false,"_VenueShowMapLink":false},"product_brand":[],"product_cat":[55],"product_tag":[],"class_list":{"0":"post-4317","1":"product","2":"type-product","3":"status-publish","4":"has-post-thumbnail","5":"product_cat-accessoires","6":"pa_colore-verde-scuro","7":"pa_colore-sabbia","8":"pa_colore-schwarz","9":"pa_colore-weiss","11":"first","12":"instock","13":"taxable","14":"shipping-taxable","15":"purchasable","16":"product-type-variable"},"_links":{"self":[{"href":"https:\/\/clubmoritzino.it\/de\/wp-json\/wp\/v2\/product\/4317","targetHints":{"allow":["GET"]}}],"collection":[{"href":"https:\/\/clubmoritzino.it\/de\/wp-json\/wp\/v2\/product"}],"about":[{"href":"https:\/\/clubmoritzino.it\/de\/wp-json\/wp\/v2\/types\/product"}],"replies":[{"embeddable":true,"href":"https:\/\/clubmoritzino.it\/de\/wp-json\/wp\/v2\/comments?post=4317"}],"wp:featuredmedia":[{"embeddable":true,"href":"https:\/\/clubmoritzino.it\/de\/wp-json\/wp\/v2\/media\/4397"}],"wp:attachment":[{"href":"https:\/\/clubmoritzino.it\/de\/wp-json\/wp\/v2\/media?parent=4317"}],"wp:term":[{"taxonomy":"product_brand","embeddable":true,"href":"https:\/\/clubmoritzino.it\/de\/wp-json\/wp\/v2\/product_brand?post=4317"},{"taxonomy":"product_cat","embeddable":true,"href":"https:\/\/clubmoritzino.it\/de\/wp-json\/wp\/v2\/product_cat?post=4317"},{"taxonomy":"product_tag","embeddable":true,"href":"https:\/\/clubmoritzino.it\/de\/wp-json\/wp\/v2\/product_tag?post=4317"}],"curies":[{"name":"wp","href":"https:\/\/api.w.org\/{rel}","templated":true}]}}