{"id":4292,"date":"2025-12-23T16:13:53","date_gmt":"2025-12-23T15:13:53","guid":{"rendered":"https:\/\/clubmoritzino.it\/maglione-lana-cashmere-sciabola\/"},"modified":"2025-12-29T09:09:22","modified_gmt":"2025-12-29T08:09:22","slug":"pullover-aus-wolle-cashmere-club-moritzino","status":"publish","type":"product","link":"https:\/\/clubmoritzino.it\/de\/pullover-aus-wolle-cashmere-club-moritzino\/","title":{"rendered":"Pullover aus Wolle &#038; Cashmere \u2013 Club Moritzino"},"content":{"rendered":"<div>\u202240% Merinowolle fein<\/div>\n<div>\u202230% Viskose<\/div>\n<div>\u202220% Polyamid<\/div>\n<div>\u202210% Kaschmir<\/div>\n<p>Gefertigt aus einer hochwertigen Mischung aus Wolle und Cashmere, steht dieser beigefarbene Pullover f\u00fcr die harmonische Verbindung edler Materialien und einer authentischen Slow-Fashion-Philosophie. Jedes Kleidungsst\u00fcck entsteht in einem handwerklichen Fertigungsprozess, der von bewusst langsamen Abl\u00e4ufen und sorgf\u00e4ltigen manuellen Arbeitsschritten gepr\u00e4gt ist, um die Exklusivit\u00e4t des Produkts zu unterstreichen und jedes Detail einzigartig und unverwechselbar zu machen.<\/p>\n<p>Die Drucke werden mithilfe von Thermotransfer-Techniken in einem kontrollierten, manuellen Verfahren aufgebracht, das Pr\u00e4zision, Erfahrung und besondere Aufmerksamkeit erfordert. Diese Methode erm\u00f6glicht elegante, fein integrierte Oberfl\u00e4chen und bewahrt gleichzeitig das ausgewogene Zusammenspiel aus der nat\u00fcrlichen Weichheit des Cashmeres und der Struktur der Wolle.<\/p>\n<p>Da es sich um ein hochwertiges Kleidungsst\u00fcck handelt, wird eine besonders schonende Pflege empfohlen: Waschen Sie den Pullover mit gr\u00f6\u00dfter Sorgfalt und vermeiden Sie aggressive oder invasive Reinigungsprozesse sowie direkte Behandlungen. Diese Aufmerksamkeit tr\u00e4gt dazu bei, die beigefarbene Nuance, die Struktur und die Qualit\u00e4t des Pullovers langfristig zu erhalten.<\/p>\n<p>Ein Kleidungsst\u00fcck f\u00fcr alle, die den Wert von Handwerkskunst, Zeit und kompromissloser Eleganz zu sch\u00e4tzen wissen.<\/p>\n","protected":false},"excerpt":{"rendered":"<p>\u202240% Merinowolle fein \u202230% Viskose \u202220% Polyamid \u202210% Kaschmir Gefertigt aus einer hochwertigen Mischung aus Wolle und Cashmere, steht dieser beigefarbene Pullover f\u00fcr die&#8230;<\/p>\n","protected":false},"featured_media":4370,"comment_status":"closed","ping_status":"closed","template":"","meta":{"_EventAllDay":false,"_EventTimezone":"","_EventStartDate":"","_EventEndDate":"","_EventStartDateUTC":"","_EventEndDateUTC":"","_EventShowMap":false,"_EventShowMapLink":false,"_EventURL":"","_EventCost":"","_EventCostDescription":"","_EventCurrencySymbol":"","_EventCurrencyCode":"","_EventCurrencyPosition":"","_EventDateTimeSeparator":"","_EventTimeRangeSeparator":"","_EventOrganizerID":[],"_EventVenueID":[],"_OrganizerEmail":"","_OrganizerPhone":"","_OrganizerWebsite":"","_VenueAddress":"","_VenueCity":"","_VenueCountry":"","_VenueProvince":"","_VenueState":"","_VenueZip":"","_VenuePhone":"","_VenueURL":"","_VenueStateProvince":"","_VenueLat":"","_VenueLng":"","_VenueShowMap":false,"_VenueShowMapLink":false},"product_brand":[],"product_cat":[46],"product_tag":[],"class_list":{"0":"post-4292","1":"product","2":"type-product","3":"status-publish","4":"has-post-thumbnail","5":"product_cat-nicht-kategorisiert","6":"pa_taglia-l","7":"pa_taglia-m","8":"pa_taglia-s","9":"pa_taglia-xl","10":"pa_taglia-xs","11":"pa_taglia-xxl","13":"first","14":"instock","15":"taxable","16":"shipping-taxable","17":"purchasable","18":"product-type-variable"},"_links":{"self":[{"href":"https:\/\/clubmoritzino.it\/de\/wp-json\/wp\/v2\/product\/4292","targetHints":{"allow":["GET"]}}],"collection":[{"href":"https:\/\/clubmoritzino.it\/de\/wp-json\/wp\/v2\/product"}],"about":[{"href":"https:\/\/clubmoritzino.it\/de\/wp-json\/wp\/v2\/types\/product"}],"replies":[{"embeddable":true,"href":"https:\/\/clubmoritzino.it\/de\/wp-json\/wp\/v2\/comments?post=4292"}],"wp:featuredmedia":[{"embeddable":true,"href":"https:\/\/clubmoritzino.it\/de\/wp-json\/wp\/v2\/media\/4370"}],"wp:attachment":[{"href":"https:\/\/clubmoritzino.it\/de\/wp-json\/wp\/v2\/media?parent=4292"}],"wp:term":[{"taxonomy":"product_brand","embeddable":true,"href":"https:\/\/clubmoritzino.it\/de\/wp-json\/wp\/v2\/product_brand?post=4292"},{"taxonomy":"product_cat","embeddable":true,"href":"https:\/\/clubmoritzino.it\/de\/wp-json\/wp\/v2\/product_cat?post=4292"},{"taxonomy":"product_tag","embeddable":true,"href":"https:\/\/clubmoritzino.it\/de\/wp-json\/wp\/v2\/product_tag?post=4292"}],"curies":[{"name":"wp","href":"https:\/\/api.w.org\/{rel}","templated":true}]}}