{"id":3615,"date":"2025-08-11T15:06:21","date_gmt":"2025-08-11T13:06:21","guid":{"rendered":"https:\/\/clubmoritzino.it\/prenotazione\/"},"modified":"2025-11-26T17:44:03","modified_gmt":"2025-11-26T16:44:03","slug":"restaurantreservierung","status":"publish","type":"page","link":"https:\/\/clubmoritzino.it\/de\/restaurantreservierung\/","title":{"rendered":"Restaurantreservierung"},"content":{"rendered":"[vc_row type=&#8220;full_width_background&#8220; full_screen_row_position=&#8220;middle&#8220; column_margin=&#8220;default&#8220; equal_height=&#8220;yes&#8220; column_direction=&#8220;default&#8220; column_direction_tablet=&#8220;default&#8220; column_direction_phone=&#8220;default&#8220; bg_image=&#8220;2636&#8243; bg_image_type=&#8220;default&#8220; bg_position=&#8220;left center&#8220; background_image_loading=&#8220;default&#8220; bg_repeat=&#8220;no-repeat&#8220; scene_position=&#8220;center&#8220; top_padding=&#8220;15%&#8220; bottom_padding=&#8220;30%&#8220; text_color=&#8220;light&#8220; text_align=&#8220;left&#8220; row_border_radius=&#8220;none&#8220; row_border_radius_applies=&#8220;bg&#8220; row_position_desktop=&#8220;default&#8220; row_position_tablet=&#8220;inherit&#8220; row_position_phone=&#8220;inherit&#8220; overflow=&#8220;visible&#8220; color_overlay=&#8220;#151412&#8243; overlay_strength=&#8220;0.3&#8243; gradient_direction=&#8220;left_to_right&#8220; shape_divider_color=&#8220;#151412&#8243; shape_divider_position=&#8220;bottom&#8220; shape_divider_height=&#8220;150&#8243; shape_divider_bring_to_front=&#8220;true&#8220; bg_image_animation=&#8220;none&#8220; parallax_bg=&#8220;true&#8220; parallax_bg_speed=&#8220;medium&#8220; shape_type=&#8220;fan&#8220; gradient_type=&#8220;default&#8220;][vc_column column_padding=&#8220;no-extra-padding&#8220; column_padding_tablet=&#8220;inherit&#8220; column_padding_phone=&#8220;inherit&#8220; column_padding_position=&#8220;all&#8220; flex_gap_desktop=&#8220;10px&#8220; column_element_direction_desktop=&#8220;default&#8220; column_element_spacing=&#8220;default&#8220; desktop_text_alignment=&#8220;default&#8220; tablet_text_alignment=&#8220;default&#8220; phone_text_alignment=&#8220;default&#8220; background_color_opacity=&#8220;1&#8243; background_hover_color_opacity=&#8220;1&#8243; column_backdrop_filter=&#8220;none&#8220; column_shadow=&#8220;none&#8220; column_border_radius=&#8220;none&#8220; column_link_target=&#8220;_self&#8220; column_position=&#8220;default&#8220; gradient_direction=&#8220;left_to_right&#8220; overlay_strength=&#8220;0.3&#8243; width=&#8220;1\/6&#8243; tablet_width_inherit=&#8220;default&#8220; animation_type=&#8220;default&#8220; bg_image_animation=&#8220;none&#8220; border_type=&#8220;simple&#8220; column_border_width=&#8220;none&#8220; column_border_style=&#8220;solid&#8220;][\/vc_column][vc_column column_padding=&#8220;no-extra-padding&#8220; column_padding_tablet=&#8220;inherit&#8220; column_padding_phone=&#8220;inherit&#8220; column_padding_position=&#8220;all&#8220; flex_gap_desktop=&#8220;10px&#8220; column_element_direction_desktop=&#8220;default&#8220; column_element_spacing=&#8220;default&#8220; desktop_text_alignment=&#8220;default&#8220; tablet_text_alignment=&#8220;default&#8220; phone_text_alignment=&#8220;default&#8220; background_color_opacity=&#8220;1&#8243; background_hover_color_opacity=&#8220;1&#8243; column_backdrop_filter=&#8220;none&#8220; column_shadow=&#8220;none&#8220; column_border_radius=&#8220;none&#8220; column_link_target=&#8220;_self&#8220; column_position=&#8220;default&#8220; gradient_direction=&#8220;left_to_right&#8220; overlay_strength=&#8220;0.3&#8243; width=&#8220;2\/3&#8243; tablet_width_inherit=&#8220;default&#8220; animation_type=&#8220;default&#8220; bg_image_animation=&#8220;none&#8220; border_type=&#8220;simple&#8220; column_border_width=&#8220;none&#8220; column_border_style=&#8220;solid&#8220; column_padding_type=&#8220;default&#8220; gradient_type=&#8220;default&#8220;][vc_custom_heading text=&#8220;Restaurantreservierung&#8220; font_container=&#8220;tag:h1|text_align:left&#8220; use_theme_fonts=&#8220;yes&#8220; css_animation=&#8220;none&#8220; css=&#8220;.vc_custom_1764175400618{margin-bottom: -10px !important;}&#8220;][divider line_type=&#8220;No Line&#8220; custom_height=&#8220;30&#8243;][vc_column_text css=&#8220;&#8220; text_direction=&#8220;default&#8220;]\n<p class=\"p1\">Achtung! Die Reservierung wird nicht automatisch durch das Ausf\u00fcllen des Anfrageformulars best\u00e4tigt; sie wird erst durch unsere schriftliche oder telefonische R\u00fcckmeldung offiziell.<\/p>\n[\/vc_column_text][\/vc_column][vc_column column_padding=&#8220;no-extra-padding&#8220; column_padding_tablet=&#8220;inherit&#8220; column_padding_phone=&#8220;inherit&#8220; column_padding_position=&#8220;all&#8220; flex_gap_desktop=&#8220;10px&#8220; column_element_direction_desktop=&#8220;default&#8220; column_element_spacing=&#8220;default&#8220; desktop_text_alignment=&#8220;default&#8220; tablet_text_alignment=&#8220;default&#8220; phone_text_alignment=&#8220;default&#8220; background_color_opacity=&#8220;1&#8243; background_hover_color_opacity=&#8220;1&#8243; column_backdrop_filter=&#8220;none&#8220; column_shadow=&#8220;none&#8220; column_border_radius=&#8220;none&#8220; column_link_target=&#8220;_self&#8220; column_position=&#8220;default&#8220; gradient_direction=&#8220;left_to_right&#8220; overlay_strength=&#8220;0.3&#8243; width=&#8220;1\/6&#8243; tablet_width_inherit=&#8220;default&#8220; animation_type=&#8220;default&#8220; bg_image_animation=&#8220;none&#8220; border_type=&#8220;simple&#8220; column_border_width=&#8220;none&#8220; column_border_style=&#8220;solid&#8220;][\/vc_column][\/vc_row][vc_row type=&#8220;in_container&#8220; full_screen_row_position=&#8220;middle&#8220; column_margin=&#8220;default&#8220; column_direction=&#8220;default&#8220; column_direction_tablet=&#8220;default&#8220; column_direction_phone=&#8220;column_reverse&#8220; scene_position=&#8220;center&#8220; top_padding=&#8220;5%&#8220; bottom_padding=&#8220;5%&#8220; text_color=&#8220;dark&#8220; text_align=&#8220;left&#8220; row_border_radius=&#8220;none&#8220; row_border_radius_applies=&#8220;bg&#8220; row_position_desktop=&#8220;default&#8220; row_position_tablet=&#8220;inherit&#8220; row_position_phone=&#8220;inherit&#8220; overflow=&#8220;visible&#8220; overlay_strength=&#8220;0.3&#8243; gradient_direction=&#8220;left_to_right&#8220; shape_divider_position=&#8220;bottom&#8220; bg_image_animation=&#8220;none&#8220; gradient_type=&#8220;default&#8220; shape_type=&#8220;&#8220;][vc_column column_padding=&#8220;no-extra-padding&#8220; column_padding_tablet=&#8220;inherit&#8220; column_padding_phone=&#8220;inherit&#8220; column_padding_position=&#8220;all&#8220; flex_gap_desktop=&#8220;10px&#8220; column_element_direction_desktop=&#8220;default&#8220; column_element_spacing=&#8220;default&#8220; desktop_text_alignment=&#8220;default&#8220; tablet_text_alignment=&#8220;default&#8220; phone_text_alignment=&#8220;default&#8220; background_color_opacity=&#8220;1&#8243; background_hover_color_opacity=&#8220;1&#8243; column_backdrop_filter=&#8220;none&#8220; column_shadow=&#8220;none&#8220; column_border_radius=&#8220;none&#8220; column_link_target=&#8220;_self&#8220; column_position=&#8220;default&#8220; gradient_direction=&#8220;left_to_right&#8220; overlay_strength=&#8220;0.3&#8243; width=&#8220;1\/2&#8243; tablet_width_inherit=&#8220;default&#8220; animation_type=&#8220;default&#8220; bg_image_animation=&#8220;none&#8220; border_type=&#8220;simple&#8220; column_border_width=&#8220;none&#8220; column_border_style=&#8220;solid&#8220;][vc_custom_heading text=&#8220;Anreise&#8220; font_container=&#8220;tag:h3|text_align:left&#8220; use_theme_fonts=&#8220;yes&#8220; css_animation=&#8220;none&#8220; css=&#8220;.vc_custom_1764175414819{margin-bottom: -10px !important;}&#8220;][vc_column_text css=&#8220;&#8220; text_direction=&#8220;default&#8220;]Klicken Sie auf die Karte, um zu erfahren, wie Sie den Club Moritzino erreichen.[\/vc_column_text][vc_raw_html]JTNDaWZyYW1lJTIwc3JjJTNEJTIyaHR0cHMlM0ElMkYlMkZ3d3cuZ29vZ2xlLmNvbSUyRm1hcHMlMkZlbWJlZCUzRnBiJTNEJTIxMW0xOCUyMTFtMTIlMjExbTMlMjExZDI3NDMuMTE5NDAxNjI1MzgzNSUyMTJkMTEuOTA0MzMwMTE1NTk0Njc1JTIxM2Q0Ni41NjUxMDQwNzkxMjkzOCUyMTJtMyUyMTFmMCUyMTJmMCUyMTNmMCUyMTNtMiUyMTFpMTAyNCUyMTJpNzY4JTIxNGYxMy4xJTIxM20zJTIxMW0yJTIxMXMweDQ3NzgzZTljNWRkMzdlMWQlMjUzQTB4NmNiMWZjMDRkMWM2M2VjMiUyMTJzQ2x1YiUyQk1vcml0emlubyUyQi0lMkJQaXolMkJsYSUyQlZpbGxhJTJCUy5uLmMlMjE1ZTAlMjEzbTIlMjExc2l0JTIxMnNpdCUyMTR2MTU0MzMyMjk5OTI1MyUyMiUyMHdpZHRoJTNEJTIyMTAwJTI1JTIyJTIwaGVpZ2h0JTNEJTIyNTAwJTIyJTIwZnJhbWVib3JkZXIlM0QlMjIwJTIyJTIwc3R5bGUlM0QlMjJib3JkZXIlM0EwJTIyJTIwYWxsb3dmdWxsc2NyZWVuJTNFJTNDJTJGaWZyYW1lJTNF[\/vc_raw_html][\/vc_column][vc_column column_padding=&#8220;padding-7-percent&#8220; column_padding_tablet=&#8220;inherit&#8220; column_padding_phone=&#8220;padding-5-percent&#8220; column_padding_position=&#8220;all&#8220; translate_y=&#8220;-20%&#8220; translate_y_phone=&#8220;-5%&#8220; flex_gap_desktop=&#8220;10px&#8220; column_element_direction_desktop=&#8220;default&#8220; column_element_spacing=&#8220;default&#8220; desktop_text_alignment=&#8220;default&#8220; tablet_text_alignment=&#8220;default&#8220; phone_text_alignment=&#8220;default&#8220; background_color=&#8220;#FAFAFA&#8220; background_color_opacity=&#8220;1&#8243; background_hover_color_opacity=&#8220;1&#8243; column_backdrop_filter=&#8220;none&#8220; column_shadow=&#8220;medium_depth&#8220; column_border_radius=&#8220;none&#8220; column_link_target=&#8220;_self&#8220; column_position=&#8220;default&#8220; gradient_direction=&#8220;left_to_right&#8220; overlay_strength=&#8220;0.3&#8243; width=&#8220;1\/2&#8243; tablet_width_inherit=&#8220;default&#8220; animation_type=&#8220;default&#8220; bg_image_animation=&#8220;none&#8220; border_type=&#8220;simple&#8220; column_border_width=&#8220;none&#8220; column_border_style=&#8220;solid&#8220; column_padding_type=&#8220;default&#8220; gradient_type=&#8220;default&#8220;]\n<div class=\"wpcf7 no-js\" id=\"wpcf7-f3611-o1\" lang=\"it-IT\" dir=\"ltr\" data-wpcf7-id=\"3611\">\n<div class=\"screen-reader-response\"><p role=\"status\" aria-live=\"polite\" aria-atomic=\"true\"><\/p> <ul><\/ul><\/div>\n<form action=\"\/de\/wp-json\/wp\/v2\/pages\/3615#wpcf7-f3611-o1\" method=\"post\" class=\"wpcf7-form init\" aria-label=\"Modulo di contatto\" novalidate=\"novalidate\" data-status=\"init\">\n<fieldset class=\"hidden-fields-container\"><input type=\"hidden\" name=\"_wpcf7\" value=\"3611\" \/><input type=\"hidden\" name=\"_wpcf7_version\" value=\"6.1.5\" \/><input type=\"hidden\" name=\"_wpcf7_locale\" value=\"it_IT\" \/><input type=\"hidden\" name=\"_wpcf7_unit_tag\" value=\"wpcf7-f3611-o1\" \/><input type=\"hidden\" name=\"_wpcf7_container_post\" value=\"0\" \/><input type=\"hidden\" name=\"_wpcf7_posted_data_hash\" value=\"\" \/><input type=\"hidden\" name=\"nlang\" value=\"de\" \/>\n<\/fieldset>\n<p><strong>Die mit * gekennzeichneten Felder sind obligatorisch.<\/strong>\n<\/p>\n<p><label> Tag *<br \/>\n<span class=\"wpcf7-form-control-wrap\" data-name=\"giorno\"><input class=\"wpcf7-form-control wpcf7-date wpcf7-validates-as-required wpcf7-validates-as-date\" aria-required=\"true\" aria-invalid=\"false\" value=\"\" type=\"date\" name=\"giorno\" \/><\/span><br \/>\n<\/label>\n<\/p>\n<p><label> Uhrzeit *<br \/>\n<span class=\"wpcf7-form-control-wrap\" data-name=\"orario\"><select class=\"wpcf7-form-control wpcf7-select wpcf7-validates-as-required\" aria-required=\"true\" aria-invalid=\"false\" name=\"orario\"><option value=\"12:00 (Mittagessen)\">12:00 (Mittagessen)<\/option><option value=\"12:30 (Mittagessen)\">12:30 (Mittagessen)<\/option><option value=\"13:00 (Mittagessen)\">13:00 (Mittagessen)<\/option><option value=\"13:30 (Mittagessen)\">13:30 (Mittagessen)<\/option><option value=\"14:00 (Mittagessen)\">14:00 (Mittagessen)<\/option><option value=\"_________________\">_________________<\/option><option value=\"18:00 (Abendessen)\">18:00 (Abendessen)<\/option><option value=\"18:30 (Abendessen)\">18:30 (Abendessen)<\/option><option value=\"19:00 (Abendessen)\">19:00 (Abendessen)<\/option><option value=\"19:30 (Abendessen)\">19:30 (Abendessen)<\/option><option value=\"20:00 (Abendessen)\">20:00 (Abendessen)<\/option><option value=\"20:30 (Abendessen)\">20:30 (Abendessen)<\/option><option value=\"21:00 (Abendessen)\">21:00 (Abendessen)<\/option><option value=\"21:30 (Abendessen)\">21:30 (Abendessen)<\/option><option value=\"22:00 (Abendessen)\">22:00 (Abendessen)<\/option><option value=\"22:30 (Abendessen)\">22:30 (Abendessen)<\/option><option value=\"23:00 (Abendessen)\">23:00 (Abendessen)<\/option><\/select><\/span><br \/>\n<\/label>\n<\/p>\n<p><label> Vor- und Nachname *<br \/>\n<span class=\"wpcf7-form-control-wrap\" data-name=\"nome\"><input size=\"40\" maxlength=\"400\" class=\"wpcf7-form-control wpcf7-text wpcf7-validates-as-required\" aria-required=\"true\" aria-invalid=\"false\" placeholder=\"Vor- und Nachname\" value=\"\" type=\"text\" name=\"nome\" \/><\/span><br \/>\n<\/label>\n<\/p>\n<p><label> Telefon<br \/>\n<span class=\"wpcf7-form-control-wrap\" data-name=\"telefono\"><input size=\"40\" maxlength=\"400\" class=\"wpcf7-form-control wpcf7-tel wpcf7-text wpcf7-validates-as-tel\" aria-invalid=\"false\" placeholder=\"+39 \u2026\" value=\"\" type=\"tel\" name=\"telefono\" \/><\/span><br \/>\n<\/label>\n<\/p>\n<p><label> E-Mail *<br \/>\n<span class=\"wpcf7-form-control-wrap\" data-name=\"email\"><input size=\"40\" maxlength=\"400\" class=\"wpcf7-form-control wpcf7-email wpcf7-validates-as-required wpcf7-text wpcf7-validates-as-email\" aria-required=\"true\" aria-invalid=\"false\" placeholder=\"name@domain.de\" value=\"\" type=\"email\" name=\"email\" \/><\/span><br \/>\n<\/label>\n<\/p>\n<p><label> NUR WINTER \u2013 Verpflegungsbereich *<br \/>\n<span class=\"wpcf7-form-control-wrap\" data-name=\"area-ristoro\"><select class=\"wpcf7-form-control wpcf7-select wpcf7-validates-as-required\" aria-required=\"true\" aria-invalid=\"false\" name=\"area-ristoro\"><option value=\"Pizza Club  Hamburgeria Grill\">Pizza Club  Hamburgeria Grill<\/option><option value=\"Gourmetrestaurant Terrasse\">Gourmetrestaurant Terrasse<\/option><option value=\"Winebar Bistrot Fiorentineria\">Winebar Bistrot Fiorentineria<\/option><option value=\"Club Moritzino Night Dinner Experience\">Club Moritzino Night Dinner Experience<\/option><\/select><\/span><br \/>\n<\/label>\n<\/p>\n<p><label> Personen<br \/>\n<span class=\"wpcf7-form-control-wrap\" data-name=\"persone\"><select class=\"wpcf7-form-control wpcf7-select\" aria-invalid=\"false\" name=\"persone\"><option value=\"1\">1<\/option><option value=\"2\">2<\/option><option value=\"3\">3<\/option><option value=\"4\">4<\/option><option value=\"5\">5<\/option><option value=\"6\">6<\/option><option value=\"7\">7<\/option><option value=\"8\">8<\/option><option value=\"9\">9<\/option><option value=\"Im Nachrichtentext angeben\">Im Nachrichtentext angeben<\/option><\/select><\/span><br \/>\n<\/label>\n<\/p>\n<p><label> Nachricht<br \/>\n<span class=\"wpcf7-form-control-wrap\" data-name=\"messaggio\"><textarea cols=\"40\" rows=\"10\" maxlength=\"2000\" class=\"wpcf7-form-control wpcf7-textarea\" aria-invalid=\"false\" placeholder=\"Ihre Anfrage hier eingeben\u2026\" name=\"messaggio\"><\/textarea><\/span><br \/>\n<\/label>\n<\/p>\n<p><span class=\"wpcf7-form-control-wrap\" data-name=\"acceptance-199\"><span class=\"wpcf7-form-control wpcf7-acceptance\"><span class=\"wpcf7-list-item\"><label><input type=\"checkbox\" name=\"acceptance-199\" value=\"1\" aria-invalid=\"false\" \/><span class=\"wpcf7-list-item-label\">Ich habe die <a href=\"\/de\/privacy-policy\" target=\"_blank\" rel=\"noopener\">Datenschutzerkl\u00e4rung<\/a> gem\u00e4\u00df Art. 13 der Europ\u00e4ischen Datenschutzverordnung GDPR 679\/2016 gelesen und akzeptiert.<\/span><\/label><\/span><\/span><\/span>\n<\/p>\n<p><input class=\"wpcf7-form-control wpcf7-submit has-spinner\" type=\"submit\" value=\"Anfrage senden\" \/>\n<\/p><p style=\"display: none !important;\" class=\"akismet-fields-container\" data-prefix=\"_wpcf7_ak_\"><label>&#916;<textarea name=\"_wpcf7_ak_hp_textarea\" cols=\"45\" rows=\"8\" maxlength=\"100\"><\/textarea><\/label><input type=\"hidden\" id=\"ak_js_1\" name=\"_wpcf7_ak_js\" value=\"97\"\/><script>document.getElementById( \"ak_js_1\" ).setAttribute( \"value\", ( new Date() ).getTime() );<\/script><\/p><div class=\"wpcf7-response-output\" aria-hidden=\"true\"><\/div>\n<\/form>\n<\/div>\n[\/vc_column][\/vc_row]\n","protected":false},"excerpt":{"rendered":"<p>[vc_row type=&#8220;full_width_background&#8220; full_screen_row_position=&#8220;middle&#8220; column_margin=&#8220;default&#8220; equal_height=&#8220;yes&#8220; column_direction=&#8220;default&#8220; column_direction_tablet=&#8220;default&#8220; column_direction_phone=&#8220;default&#8220; bg_image=&#8220;2636&#8243; bg_image_type=&#8220;default&#8220; bg_position=&#8220;left center&#8220; background_image_loading=&#8220;default&#8220; bg_repeat=&#8220;no-repeat&#8220; scene_position=&#8220;center&#8220; top_padding=&#8220;15%&#8220; bottom_padding=&#8220;30%&#8220; text_color=&#8220;light&#8220; text_align=&#8220;left&#8220; row_border_radius=&#8220;none&#8220; row_border_radius_applies=&#8220;bg&#8220; row_position_desktop=&#8220;default&#8220; row_position_tablet=&#8220;inherit&#8220; row_position_phone=&#8220;inherit&#8220;&#8230;<\/p>\n","protected":false},"author":1,"featured_media":0,"parent":0,"menu_order":0,"comment_status":"closed","ping_status":"closed","template":"","meta":{"_EventAllDay":false,"_EventTimezone":"","_EventStartDate":"","_EventEndDate":"","_EventStartDateUTC":"","_EventEndDateUTC":"","_EventShowMap":false,"_EventShowMapLink":false,"_EventURL":"","_EventCost":"","_EventCostDescription":"","_EventCurrencySymbol":"","_EventCurrencyCode":"","_EventCurrencyPosition":"","_EventDateTimeSeparator":"","_EventTimeRangeSeparator":"","_EventOrganizerID":[],"_EventVenueID":[],"_OrganizerEmail":"","_OrganizerPhone":"","_OrganizerWebsite":"","_VenueAddress":"","_VenueCity":"","_VenueCountry":"","_VenueProvince":"","_VenueState":"","_VenueZip":"","_VenuePhone":"","_VenueURL":"","_VenueStateProvince":"","_VenueLat":"","_VenueLng":"","_VenueShowMap":false,"_VenueShowMapLink":false,"footnotes":""},"class_list":["post-3615","page","type-page","status-publish"],"_links":{"self":[{"href":"https:\/\/clubmoritzino.it\/de\/wp-json\/wp\/v2\/pages\/3615","targetHints":{"allow":["GET"]}}],"collection":[{"href":"https:\/\/clubmoritzino.it\/de\/wp-json\/wp\/v2\/pages"}],"about":[{"href":"https:\/\/clubmoritzino.it\/de\/wp-json\/wp\/v2\/types\/page"}],"author":[{"embeddable":true,"href":"https:\/\/clubmoritzino.it\/de\/wp-json\/wp\/v2\/users\/1"}],"replies":[{"embeddable":true,"href":"https:\/\/clubmoritzino.it\/de\/wp-json\/wp\/v2\/comments?post=3615"}],"version-history":[{"count":2,"href":"https:\/\/clubmoritzino.it\/de\/wp-json\/wp\/v2\/pages\/3615\/revisions"}],"predecessor-version":[{"id":3619,"href":"https:\/\/clubmoritzino.it\/de\/wp-json\/wp\/v2\/pages\/3615\/revisions\/3619"}],"wp:attachment":[{"href":"https:\/\/clubmoritzino.it\/de\/wp-json\/wp\/v2\/media?parent=3615"}],"curies":[{"name":"wp","href":"https:\/\/api.w.org\/{rel}","templated":true}]}}