{"id":3337,"date":"2025-08-04T15:08:14","date_gmt":"2025-08-04T13:08:14","guid":{"rendered":"https:\/\/clubmoritzino.it\/webcam\/"},"modified":"2025-11-26T14:45:59","modified_gmt":"2025-11-26T13:45:59","slug":"webcam","status":"publish","type":"page","link":"https:\/\/clubmoritzino.it\/de\/webcam\/","title":{"rendered":"Webcam"},"content":{"rendered":"[vc_row type=&#8220;full_width_background&#8220; full_screen_row_position=&#8220;middle&#8220; column_margin=&#8220;default&#8220; equal_height=&#8220;yes&#8220; column_direction=&#8220;default&#8220; column_direction_tablet=&#8220;default&#8220; column_direction_phone=&#8220;default&#8220; bg_image=&#8220;1822&#8243; bg_image_type=&#8220;default&#8220; bg_position=&#8220;right center&#8220; background_image_loading=&#8220;default&#8220; bg_repeat=&#8220;no-repeat&#8220; scene_position=&#8220;center&#8220; top_padding=&#8220;20%&#8220; bottom_padding=&#8220;30%&#8220; text_color=&#8220;light&#8220; text_align=&#8220;left&#8220; row_border_radius=&#8220;none&#8220; row_border_radius_applies=&#8220;bg&#8220; row_position_desktop=&#8220;default&#8220; row_position_tablet=&#8220;inherit&#8220; row_position_phone=&#8220;inherit&#8220; overflow=&#8220;visible&#8220; color_overlay=&#8220;#151412&#8243; overlay_strength=&#8220;0.3&#8243; gradient_direction=&#8220;left_to_right&#8220; shape_divider_color=&#8220;#151412&#8243; shape_divider_position=&#8220;bottom&#8220; shape_divider_height=&#8220;150&#8243; shape_divider_bring_to_front=&#8220;true&#8220; bg_image_animation=&#8220;none&#8220; parallax_bg=&#8220;true&#8220; parallax_bg_speed=&#8220;medium&#8220; shape_type=&#8220;fan&#8220; gradient_type=&#8220;default&#8220;][vc_column column_padding=&#8220;no-extra-padding&#8220; column_padding_tablet=&#8220;inherit&#8220; column_padding_phone=&#8220;inherit&#8220; column_padding_position=&#8220;all&#8220; flex_gap_desktop=&#8220;10px&#8220; column_element_direction_desktop=&#8220;default&#8220; column_element_spacing=&#8220;default&#8220; desktop_text_alignment=&#8220;default&#8220; tablet_text_alignment=&#8220;default&#8220; phone_text_alignment=&#8220;default&#8220; background_color_opacity=&#8220;1&#8243; background_hover_color_opacity=&#8220;1&#8243; column_backdrop_filter=&#8220;none&#8220; column_shadow=&#8220;none&#8220; column_border_radius=&#8220;none&#8220; column_link_target=&#8220;_self&#8220; column_position=&#8220;default&#8220; gradient_direction=&#8220;left_to_right&#8220; overlay_strength=&#8220;0.3&#8243; width=&#8220;1\/6&#8243; tablet_width_inherit=&#8220;default&#8220; animation_type=&#8220;default&#8220; bg_image_animation=&#8220;none&#8220; border_type=&#8220;simple&#8220; column_border_width=&#8220;none&#8220; column_border_style=&#8220;solid&#8220;][\/vc_column][vc_column column_padding=&#8220;no-extra-padding&#8220; column_padding_tablet=&#8220;inherit&#8220; column_padding_phone=&#8220;inherit&#8220; column_padding_position=&#8220;all&#8220; flex_gap_desktop=&#8220;10px&#8220; column_element_direction_desktop=&#8220;default&#8220; column_element_spacing=&#8220;default&#8220; desktop_text_alignment=&#8220;default&#8220; tablet_text_alignment=&#8220;default&#8220; phone_text_alignment=&#8220;default&#8220; background_color_opacity=&#8220;1&#8243; background_hover_color_opacity=&#8220;1&#8243; column_backdrop_filter=&#8220;none&#8220; column_shadow=&#8220;none&#8220; column_border_radius=&#8220;none&#8220; column_link_target=&#8220;_self&#8220; column_position=&#8220;default&#8220; gradient_direction=&#8220;left_to_right&#8220; overlay_strength=&#8220;0.3&#8243; width=&#8220;2\/3&#8243; tablet_width_inherit=&#8220;default&#8220; animation_type=&#8220;default&#8220; bg_image_animation=&#8220;none&#8220; border_type=&#8220;simple&#8220; column_border_width=&#8220;none&#8220; column_border_style=&#8220;solid&#8220; column_padding_type=&#8220;default&#8220; gradient_type=&#8220;default&#8220;][vc_custom_heading text=&#8220;Webcam Alta Badia&#8220; font_container=&#8220;tag:h1|text_align:left&#8220; use_theme_fonts=&#8220;yes&#8220; css_animation=&#8220;none&#8220; css=&#8220;.vc_custom_1754982638347{margin-bottom: -10px !important;}&#8220;][divider line_type=&#8220;No Line&#8220; custom_height=&#8220;30&#8243;][vc_column_text css=&#8220;&#8220; text_direction=&#8220;default&#8220; max_width=&#8220;700&#8243;]\n<p class=\"p1\">Entdecke die unber\u00fchrte Sch\u00f6nheit der Natur rund um das Club Moritzino in der Gadertal! Nimm an unserer interaktiven Tour teil und erlebe ein unvergessliches Abenteuer, eingetaucht in atemberaubende Panoramen.<\/p>\n[\/vc_column_text][\/vc_column][vc_column column_padding=&#8220;no-extra-padding&#8220; column_padding_tablet=&#8220;inherit&#8220; column_padding_phone=&#8220;inherit&#8220; column_padding_position=&#8220;all&#8220; flex_gap_desktop=&#8220;10px&#8220; column_element_direction_desktop=&#8220;default&#8220; column_element_spacing=&#8220;default&#8220; desktop_text_alignment=&#8220;default&#8220; tablet_text_alignment=&#8220;default&#8220; phone_text_alignment=&#8220;default&#8220; background_color_opacity=&#8220;1&#8243; background_hover_color_opacity=&#8220;1&#8243; column_backdrop_filter=&#8220;none&#8220; column_shadow=&#8220;none&#8220; column_border_radius=&#8220;none&#8220; column_link_target=&#8220;_self&#8220; column_position=&#8220;default&#8220; gradient_direction=&#8220;left_to_right&#8220; overlay_strength=&#8220;0.3&#8243; width=&#8220;1\/6&#8243; tablet_width_inherit=&#8220;default&#8220; animation_type=&#8220;default&#8220; bg_image_animation=&#8220;none&#8220; border_type=&#8220;simple&#8220; column_border_width=&#8220;none&#8220; column_border_style=&#8220;solid&#8220;][\/vc_column][\/vc_row][vc_row type=&#8220;full_width_content&#8220; full_screen_row_position=&#8220;middle&#8220; column_margin=&#8220;default&#8220; column_direction=&#8220;default&#8220; column_direction_tablet=&#8220;default&#8220; column_direction_phone=&#8220;default&#8220; scene_position=&#8220;center&#8220; text_color=&#8220;dark&#8220; text_align=&#8220;left&#8220; row_border_radius=&#8220;none&#8220; row_border_radius_applies=&#8220;bg&#8220; row_position_desktop=&#8220;default&#8220; row_position_tablet=&#8220;inherit&#8220; row_position_phone=&#8220;inherit&#8220; overflow=&#8220;visible&#8220; disable_element=&#8220;yes&#8220; overlay_strength=&#8220;0.3&#8243; gradient_direction=&#8220;left_to_right&#8220; shape_divider_position=&#8220;bottom&#8220; bg_image_animation=&#8220;none&#8220; gradient_type=&#8220;default&#8220; shape_type=&#8220;&#8220;][vc_column column_padding=&#8220;no-extra-padding&#8220; column_padding_tablet=&#8220;inherit&#8220; column_padding_phone=&#8220;inherit&#8220; column_padding_position=&#8220;all&#8220; flex_gap_desktop=&#8220;10px&#8220; column_element_direction_desktop=&#8220;default&#8220; column_element_spacing=&#8220;default&#8220; desktop_text_alignment=&#8220;default&#8220; tablet_text_alignment=&#8220;default&#8220; phone_text_alignment=&#8220;default&#8220; background_color_opacity=&#8220;1&#8243; background_hover_color_opacity=&#8220;1&#8243; column_backdrop_filter=&#8220;none&#8220; column_shadow=&#8220;none&#8220; column_border_radius=&#8220;none&#8220; column_link_target=&#8220;_self&#8220; column_position=&#8220;default&#8220; gradient_direction=&#8220;left_to_right&#8220; overlay_strength=&#8220;0.3&#8243; width=&#8220;1\/1&#8243; tablet_width_inherit=&#8220;default&#8220; animation_type=&#8220;default&#8220; bg_image_animation=&#8220;none&#8220; border_type=&#8220;simple&#8220; column_border_width=&#8220;none&#8220; column_border_style=&#8220;solid&#8220;][vc_raw_html css=&#8220;&#8220;]JTNDaWZyYW1lJTIwc3JjJTNEJTIyaHR0cHMlM0ElMkYlMkZjbG91ZC4zZHZpc3RhLmNvbSUyRiUyRmhvc3RpbmclMkY4MDgyNjE0JTJGMTElMkZpbmRleC5odG0lMjIlMjBmcmFtZWJvcmRlciUzRCUyMjAlMjIlMjBzY3JvbGxpbmclM0QlMjJubyUyMiUyMHdpZHRoJTNEJTIyMTAwJTI1JTIyJTIwaGVpZ2h0JTNEJTIyODAwJTIyJTNFJTNDcCUzRVlvdXIlMjBicm93c2VyJTIwZG9lcyUyMG5vdCUyMHN1cHBvcnQlMjBpZnJhbWVzLiUzQyUyRnAlM0UlM0NwJTNFJTNDYnIlMjAlMkYlM0UlM0MlMkZwJTNFJTNDJTJGaWZyYW1lJTNF[\/vc_raw_html][\/vc_column][\/vc_row][vc_row type=&#8220;full_width_background&#8220; full_screen_row_position=&#8220;middle&#8220; column_margin=&#8220;default&#8220; equal_height=&#8220;yes&#8220; content_placement=&#8220;top&#8220; column_direction=&#8220;default&#8220; column_direction_tablet=&#8220;default&#8220; column_direction_phone=&#8220;default&#8220; bg_color=&#8220;#151412&#8243; scene_position=&#8220;center&#8220; top_padding=&#8220;5%&#8220; bottom_padding=&#8220;5%&#8220; text_color=&#8220;light&#8220; text_align=&#8220;left&#8220; row_border_radius=&#8220;none&#8220; row_border_radius_applies=&#8220;bg&#8220; row_position_desktop=&#8220;default&#8220; row_position_tablet=&#8220;inherit&#8220; row_position_phone=&#8220;inherit&#8220; overflow=&#8220;visible&#8220; overlay_strength=&#8220;0.8&#8243; gradient_direction=&#8220;left_to_right&#8220; shape_divider_position=&#8220;bottom&#8220; bg_image_animation=&#8220;none&#8220; shape_type=&#8220;&#8220;][vc_column column_padding=&#8220;padding-5-percent&#8220; column_padding_tablet=&#8220;inherit&#8220; column_padding_phone=&#8220;inherit&#8220; column_padding_position=&#8220;right&#8220; flex_gap_desktop=&#8220;10px&#8220; column_element_direction_desktop=&#8220;default&#8220; column_element_spacing=&#8220;default&#8220; centered_text=&#8220;true&#8220; desktop_text_alignment=&#8220;default&#8220; tablet_text_alignment=&#8220;default&#8220; phone_text_alignment=&#8220;default&#8220; background_color_opacity=&#8220;1&#8243; background_hover_color_opacity=&#8220;1&#8243; column_backdrop_filter=&#8220;none&#8220; column_shadow=&#8220;none&#8220; column_border_radius=&#8220;none&#8220; column_link_target=&#8220;_self&#8220; column_position=&#8220;default&#8220; gradient_direction=&#8220;left_to_right&#8220; overlay_strength=&#8220;0.3&#8243; width=&#8220;1\/1&#8243; tablet_width_inherit=&#8220;default&#8220; animation_type=&#8220;default&#8220; bg_image_animation=&#8220;none&#8220; border_type=&#8220;simple&#8220; column_border_width=&#8220;none&#8220; column_border_style=&#8220;solid&#8220;][vc_raw_html]JTNDaWZyYW1lJTIwc3JjJTNEJTIyaHR0cHMlM0ElMkYlMkZ3ZWJ0di5mZXJhdGVsLmNvbSUyRndlYnR2JTJGJTNGZGVzaWduJTNEdjMlMjZhbXAlM0JjYW0lM0Q2MjMwJTIyJTIwZnJhbWVib3JkZXIlM0QlMjIwJTIyJTIwc2Nyb2xsaW5nJTNEJTIybm8lMjIlMjB3aWR0aCUzRCUyMjEwMCUyNSUyMiUyMGhlaWdodCUzRCUyMjYwMCUyMiUzRSUzQ3AlM0VZb3VyJTIwYnJvd3NlciUyMGRvZXMlMjBub3QlMjBzdXBwb3J0JTIwaWZyYW1lcy4lM0MlMkZwJTNFJTNDcCUzRSUzQ2JyJTIwJTJGJTNFJTNDJTJGcCUzRSUzQyUyRmlmcmFtZSUzRQ==[\/vc_raw_html][vc_raw_js]JTNDc2NyaXB0JTIwc3JjJTNEJTIyaHR0cHMlM0ElMkYlMkZlbWJlZC5za3lsaW5ld2ViY2Ftcy5jb20lMkZzaGFkb3clMkZzaGFkb3dib3gucGhwJTIyJTNFJTNDJTJGc2NyaXB0JTNFJTNDYSUyMGhyZWYlM0QlMjJodHRwcyUzQSUyRiUyRnd3dy5za3lsaW5ld2ViY2Ftcy5jb20lMkZ3ZWJjYW0lMkZpdGFsaWElMkZ0cmVudGluby1hbHRvLWFkaWdlJTJGYm9semFubyUyRm1vcml0emluby1hbHRhLWJhZGlhLmh0bWwlM0Z3JTNENDUyOCUyMiUyMHJlbCUzRCUyMnNoYWRvd2JveCUzQndpZHRoJTNEODAwJTNCaGVpZ2h0JTNENTAwJTIyJTNFJTNDaW1nJTIwc3JjJTNEJTIyaHR0cHMlM0ElMkYlMkZlbWJlZC5za3lsaW5ld2ViY2Ftcy5jb20lMkZtZWRpYS5waHAlM0ZpZCUzRDQ1MjglMjZ3JTNENDUwJTIyJTIwYm9yZGVyJTNEJTIyMCUyMiUyMGFsdCUzRCUyMkxpdmUlMjBXZWJjYW0lMjIlM0UlM0MlMkZhJTNF[\/vc_raw_js][vc_raw_html]JTNDaWZyYW1lJTIwc3JjJTNEJTIyaHR0cHMlM0ElMkYlMkZtb3JpdHppbm8ucGFub21heC5jb20lMkYlMjIlMjBmcmFtZWJvcmRlciUzRCUyMjAlMjIlMjBzY3JvbGxpbmclM0QlMjJubyUyMiUyMHdpZHRoJTNEJTIyMTAwJTI1JTIyJTIwaGVpZ2h0JTNEJTIyNTAwJTIyJTNFJTNDcCUzRVlvdXIlMjBicm93c2VyJTIwZG9lcyUyMG5vdCUyMHN1cHBvcnQlMjBpZnJhbWVzLiUzQyUyRnAlM0UlM0MlMkZpZnJhbWUlM0U=[\/vc_raw_html][vc_raw_js]JTNDc2NyaXB0JTIwc3JjJTNEJTIyaHR0cHMlM0ElMkYlMkZlbWJlZC5za3lsaW5ld2ViY2Ftcy5jb20lMkZzaGFkb3clMkZzaGFkb3dib3gucGhwJTIyJTNFJTNDJTJGc2NyaXB0JTNFJTNDYSUyMGhyZWYlM0QlMjJodHRwcyUzQSUyRiUyRnd3dy5za3lsaW5ld2ViY2Ftcy5jb20lMkZ3ZWJjYW0lMkZpdGFsaWElMkZ0cmVudGluby1hbHRvLWFkaWdlJTJGYm9semFubyUyRm1vcml0emluby5odG1sJTNGdyUzRDQ1MjclMjIlMjByZWwlM0QlMjJzaGFkb3dib3glM0J3aWR0aCUzRDgwMCUzQmhlaWdodCUzRDUwMCUyMiUzRSUzQ2ltZyUyMHNyYyUzRCUyMmh0dHBzJTNBJTJGJTJGZW1iZWQuc2t5bGluZXdlYmNhbXMuY29tJTJGbWVkaWEucGhwJTNGaWQlM0Q0NTI3JTI2dyUzRDQ1MCUyMiUyMGJvcmRlciUzRCUyMjAlMjIlMjBhbHQlM0QlMjJMaXZlJTIwV2ViY2FtJTIyJTNFJTNDJTJGYSUzRQ==[\/vc_raw_js][divider line_type=&#8220;No Line&#8220; custom_height=&#8220;80&#8243;][vc_custom_heading text=&#8220;Club Moritzino Piz La Ila 2100 Mt Meteo Station&#8220; font_container=&#8220;tag:h3|text_align:center|color:%238e7a3f&#8220; use_theme_fonts=&#8220;yes&#8220; css=&#8220;&#8220;][divider line_type=&#8220;Small Line&#8220; line_alignment=&#8220;default&#8220; line_thickness=&#8220;1&#8243; divider_color=&#8220;accent-color&#8220; custom_height=&#8220;40&#8243;][vc_raw_html]JTNDaWZyYW1lJTIwbmFtZSUzRCUyMm1ldGVvJTIyJTIwc3JjJTNEJTIyaHR0cHMlM0ElMkYlMkZ3d3cubW9yaXR6aW5vLml0JTJGaW1hZ2VzJTJGd2ViY2FtJTJGbWV0ZW8lMkZnYXVnZXMlMkZ3ZWJfc2VydmVyJTJGbWV0ZW8uaHRtJTIyJTIwZnJhbWVib3JkZXIlM0QlMjIwJTIyJTIwbWFyZ2lud2lkdGglM0QlMjIwcHglMjIlMjBtYXJnaW5oZWlnaHQlM0QlMjIwcHglMjIlMjBzY3JvbGxpbmclM0QlMjJubyUyMiUyMHdpZHRoJTNEJTIyMTAwJTI1JTIyJTIwaGVpZ2h0JTNEJTIyMjgwMHB4JTIyJTIwaWQlM0QlMjJpZnJhbWVtZXRlbyUyMiUyMHN0eWxlJTNEJTIyYm9yZGVyJTNBJTIwMHB4JTIwJTIzZmZmZmZmJTIwbm9uZSUzQiUyMHdpZHRoJTNBJTIwMTAwJTI1JTNCJTIwaGVpZ2h0JTNBJTIwMjgwMHB4JTNCJTIyJTNFJTNDJTJGaWZyYW1lJTNF[\/vc_raw_html][\/vc_column][\/vc_row][vc_row type=&#8220;in_container&#8220; full_screen_row_position=&#8220;middle&#8220; column_margin=&#8220;default&#8220; column_direction=&#8220;default&#8220; column_direction_tablet=&#8220;default&#8220; column_direction_phone=&#8220;default&#8220; scene_position=&#8220;center&#8220; top_padding=&#8220;5%&#8220; bottom_padding=&#8220;5%&#8220; text_color=&#8220;dark&#8220; text_align=&#8220;left&#8220; row_border_radius=&#8220;none&#8220; row_border_radius_applies=&#8220;bg&#8220; row_position_desktop=&#8220;default&#8220; row_position_tablet=&#8220;inherit&#8220; row_position_phone=&#8220;inherit&#8220; overflow=&#8220;visible&#8220; overlay_strength=&#8220;0.3&#8243; gradient_direction=&#8220;left_to_right&#8220; shape_divider_position=&#8220;bottom&#8220; bg_image_animation=&#8220;none&#8220; gradient_type=&#8220;default&#8220; shape_type=&#8220;&#8220;][vc_column column_padding=&#8220;no-extra-padding&#8220; column_padding_tablet=&#8220;inherit&#8220; column_padding_phone=&#8220;inherit&#8220; column_padding_position=&#8220;all&#8220; flex_gap_desktop=&#8220;10px&#8220; column_element_direction_desktop=&#8220;default&#8220; column_element_spacing=&#8220;default&#8220; desktop_text_alignment=&#8220;default&#8220; tablet_text_alignment=&#8220;default&#8220; phone_text_alignment=&#8220;default&#8220; background_color_opacity=&#8220;1&#8243; background_hover_color_opacity=&#8220;1&#8243; column_backdrop_filter=&#8220;none&#8220; column_shadow=&#8220;none&#8220; column_border_radius=&#8220;none&#8220; column_link_target=&#8220;_self&#8220; column_position=&#8220;default&#8220; gradient_direction=&#8220;left_to_right&#8220; overlay_strength=&#8220;0.3&#8243; width=&#8220;1\/1&#8243; tablet_width_inherit=&#8220;default&#8220; animation_type=&#8220;default&#8220; bg_image_animation=&#8220;none&#8220; border_type=&#8220;simple&#8220; column_border_width=&#8220;none&#8220; column_border_style=&#8220;solid&#8220;][vc_column_text css=&#8220;&#8220; text_direction=&#8220;default&#8220;]\n<h2>Webcam Alta Badia: Live-Panoramen in den Dolomiten<\/h2>\n<p>Willkommen bei <strong>Webcam Alta Badia<\/strong>, dem Referenzpunkt f\u00fcr alle, die in Echtzeit die landschaftlichen Sch\u00f6nheiten und Outdoor-Aktivit\u00e4ten eines der beliebtesten Ziele der Dolomiten bewundern m\u00f6chten. Entdecke die verschiedenen Webcams an den eindrucksvollsten Orten der Alta Badia: von verschneiten Winterlandschaften bis zu bl\u00fchenden Sommerwiesen \u2013 unsere Live-Streams bringen dich direkt ins Herz der Alpen.<\/p>\n<h3>Was du mit unseren Webcams der Alta Badia sehen kannst<\/h3>\n<p>Die Webcams der Alta Badia befinden sich an strategischen Punkten wie:<\/p>\n<ul>\n<li><strong>Corvara<\/strong>, mit Panoramablick auf die Dolomitengipfel;<\/li>\n<li><strong>La Villa<\/strong>, mit Aussicht auf gr\u00fcne Wiesen, Liftanlagen und die Wintersportsaison;<\/li>\n<li><strong>San Cassiano<\/strong>, ideal f\u00fcr atemberaubende Sonnenunterg\u00e4nge und authentische Bergatmosph\u00e4re.<\/li>\n<\/ul>\n<p>Jede Webcam bietet klare, hochaktuelle Bilder, die alle paar Sekunden aktualisiert werden. So kannst du Wetterbedingungen pr\u00fcfen, den Zustand der Skipisten kontrollieren oder den perfekten Moment f\u00fcr eine Wanderung oder einen Ausflug in die H\u00f6he w\u00e4hlen.<\/p>\n<h3>Warum eine Webcam der Alta Badia nutzen?<\/h3>\n<ol>\n<li><strong>Echtzeit-Wetter<\/strong>: Beobachte die aktuellen Bedingungen \u2013 vom Morgenlicht bis zum Neuschnee oder wolkenlosen Himmel.<\/li>\n<li><strong>Outdoor-Aktivit\u00e4ten planen<\/strong>: Wandern, Skifahren, Radfahren, Klettern \u2014 du wei\u00dft immer, wann der beste Zeitpunkt ist.<\/li>\n<li><strong>Urlaubsplanung<\/strong>: Planst du einen Aufenthalt? Die Webcams helfen dir, das ideale Zeitfenster je nach Saison und realen Bedingungen zu w\u00e4hlen.<\/li>\n<li><strong>Konstante Sch\u00f6nheit<\/strong>: Auch von zuhause aus kannst du dich mitten in die ber\u00fchmtesten Berge der Welt versetzt f\u00fchlen \u2013 dank hochaufl\u00f6sender Panoramen.<\/li>\n<\/ol>\n<h3>Was zeigt die Alta Badia live?<\/h3>\n<h4>Winter: verschneite Landschaften und Skipisten<\/h4>\n<p>In den Wintermonaten zeigen die Webcams der Alta Badia schneebedeckte Pisten, laufende Sessellifte und tanzende Schneeflocken. Perfekt f\u00fcr spontane Entscheidungen: Skifahren heute oder morgen? Ausr\u00fcstung kaufen oder eine Stunde buchen? Die Live-Bilder machen alles klarer.<\/p>\n<h4>Sommer und Herbst: lebendige Farben und \u00fcppige Natur<\/h4>\n<p>Im Sommer zeigen die Webcams der Alta Badia sattgr\u00fcne Wiesen, Alpenblumen in voller Bl\u00fcte, Wanderer und Radfahrer. Im Herbst leuchten die L\u00e4rchen goldgelb \u2013 ein Schauspiel, das mehr sagt als tausend Fotos. Und du kannst es live sehen.<\/p>\n<h4>Spezielle Events und Saisonalit\u00e4t<\/h4>\n<p>Lokale Feste, Skirennen, gastronomische Events: Dank der Webcams der Alta Badia kannst du auch verfolgen, was in den D\u00f6rfern passiert \u2014 Abendfackelumz\u00fcge, n\u00e4chtlich ge\u00f6ffnete Anlagen und vieles mehr. Ein immer offenes Fenster auf das Gebiet.<\/p>\n<h3>Technologie und Qualit\u00e4t: das Herz unserer Webcams der Alta Badia<\/h3>\n<p>Unsere Webcams der Alta Badia verf\u00fcgen \u00fcber:<\/p>\n<ul>\n<li><strong>Hohe Aufl\u00f6sung<\/strong> f\u00fcr klare Details aus jedem Blickwinkel.<\/li>\n<li><strong>H\u00e4ufige Aktualisierung<\/strong> mit kurzen Intervallen zwischen den Aufnahmen.<\/li>\n<li><strong>Automatische Rotation<\/strong> (wo verf\u00fcgbar), um verschiedene Bereiche des Panoramas zu zeigen.<\/li>\n<li><strong>Responsive Ansicht<\/strong>: perfekt auf Desktop, Tablet und Mobilger\u00e4t \u2013 schnell und intuitiv.<\/li>\n<\/ul>\n<h3>Wie du die Webcams der Alta Badia nutzen kannst<\/h3>\n<ul>\n<li><strong>Web-Portal<\/strong>: Besuche die entsprechende Seite, w\u00e4hle deinen Lieblingsort (z. B. Corvara) und sieh die Live-\u00dcbertragung.<\/li>\n<li><strong>Integrierbares Widget<\/strong>: Du kannst den Livestream auf der Website deines Hotels oder B&amp;B einbinden, um G\u00e4sten das Gebiet zu zeigen.<\/li>\n<li><strong>App oder Direktlink<\/strong>: ideal zum Teilen oder Anschauen via QR-Code oder Social-Promo.<\/li>\n<\/ul>\n[\/vc_column_text][\/vc_column][\/vc_row]\n","protected":false},"excerpt":{"rendered":"<p>[vc_row type=&#8220;full_width_background&#8220; full_screen_row_position=&#8220;middle&#8220; column_margin=&#8220;default&#8220; equal_height=&#8220;yes&#8220; column_direction=&#8220;default&#8220; column_direction_tablet=&#8220;default&#8220; column_direction_phone=&#8220;default&#8220; bg_image=&#8220;1822&#8243; bg_image_type=&#8220;default&#8220; bg_position=&#8220;right center&#8220; background_image_loading=&#8220;default&#8220; bg_repeat=&#8220;no-repeat&#8220; scene_position=&#8220;center&#8220; top_padding=&#8220;20%&#8220; bottom_padding=&#8220;30%&#8220; text_color=&#8220;light&#8220; text_align=&#8220;left&#8220; row_border_radius=&#8220;none&#8220; row_border_radius_applies=&#8220;bg&#8220; row_position_desktop=&#8220;default&#8220; row_position_tablet=&#8220;inherit&#8220; row_position_phone=&#8220;inherit&#8220;&#8230;<\/p>\n","protected":false},"author":1,"featured_media":0,"parent":0,"menu_order":0,"comment_status":"closed","ping_status":"closed","template":"","meta":{"_EventAllDay":false,"_EventTimezone":"","_EventStartDate":"","_EventEndDate":"","_EventStartDateUTC":"","_EventEndDateUTC":"","_EventShowMap":false,"_EventShowMapLink":false,"_EventURL":"","_EventCost":"","_EventCostDescription":"","_EventCurrencySymbol":"","_EventCurrencyCode":"","_EventCurrencyPosition":"","_EventDateTimeSeparator":"","_EventTimeRangeSeparator":"","_EventOrganizerID":[],"_EventVenueID":[],"_OrganizerEmail":"","_OrganizerPhone":"","_OrganizerWebsite":"","_VenueAddress":"","_VenueCity":"","_VenueCountry":"","_VenueProvince":"","_VenueState":"","_VenueZip":"","_VenuePhone":"","_VenueURL":"","_VenueStateProvince":"","_VenueLat":"","_VenueLng":"","_VenueShowMap":false,"_VenueShowMapLink":false,"footnotes":""},"class_list":["post-3337","page","type-page","status-publish"],"_links":{"self":[{"href":"https:\/\/clubmoritzino.it\/de\/wp-json\/wp\/v2\/pages\/3337","targetHints":{"allow":["GET"]}}],"collection":[{"href":"https:\/\/clubmoritzino.it\/de\/wp-json\/wp\/v2\/pages"}],"about":[{"href":"https:\/\/clubmoritzino.it\/de\/wp-json\/wp\/v2\/types\/page"}],"author":[{"embeddable":true,"href":"https:\/\/clubmoritzino.it\/de\/wp-json\/wp\/v2\/users\/1"}],"replies":[{"embeddable":true,"href":"https:\/\/clubmoritzino.it\/de\/wp-json\/wp\/v2\/comments?post=3337"}],"version-history":[{"count":2,"href":"https:\/\/clubmoritzino.it\/de\/wp-json\/wp\/v2\/pages\/3337\/revisions"}],"predecessor-version":[{"id":3341,"href":"https:\/\/clubmoritzino.it\/de\/wp-json\/wp\/v2\/pages\/3337\/revisions\/3341"}],"wp:attachment":[{"href":"https:\/\/clubmoritzino.it\/de\/wp-json\/wp\/v2\/media?parent=3337"}],"curies":[{"name":"wp","href":"https:\/\/api.w.org\/{rel}","templated":true}]}}