{"id":3308,"date":"2025-08-14T13:30:22","date_gmt":"2025-08-14T11:30:22","guid":{"rendered":"https:\/\/clubmoritzino.it\/condizioni-di-vendita\/"},"modified":"2026-02-09T14:25:35","modified_gmt":"2026-02-09T13:25:35","slug":"verkaufsbedingungen","status":"publish","type":"page","link":"https:\/\/clubmoritzino.it\/de\/verkaufsbedingungen\/","title":{"rendered":"Verkaufsbedingungen"},"content":{"rendered":"[vc_row type=&#8220;full_width_background&#8220; full_screen_row_position=&#8220;middle&#8220; column_margin=&#8220;default&#8220; equal_height=&#8220;yes&#8220; column_direction=&#8220;default&#8220; column_direction_tablet=&#8220;default&#8220; column_direction_phone=&#8220;default&#8220; bg_image=&#8220;1822&#8243; bg_image_type=&#8220;default&#8220; bg_position=&#8220;center center&#8220; background_image_loading=&#8220;default&#8220; bg_repeat=&#8220;no-repeat&#8220; scene_position=&#8220;center&#8220; top_padding=&#8220;20%&#8220; bottom_padding=&#8220;30%&#8220; text_color=&#8220;light&#8220; text_align=&#8220;left&#8220; row_border_radius=&#8220;none&#8220; row_border_radius_applies=&#8220;bg&#8220; row_position_desktop=&#8220;default&#8220; row_position_tablet=&#8220;inherit&#8220; row_position_phone=&#8220;inherit&#8220; overflow=&#8220;visible&#8220; color_overlay=&#8220;#151412&#8243; overlay_strength=&#8220;0.3&#8243; gradient_direction=&#8220;left_to_right&#8220; shape_divider_color=&#8220;#151412&#8243; shape_divider_position=&#8220;bottom&#8220; shape_divider_height=&#8220;150&#8243; shape_divider_bring_to_front=&#8220;true&#8220; bg_image_animation=&#8220;none&#8220; parallax_bg=&#8220;true&#8220; parallax_bg_speed=&#8220;medium&#8220; shape_type=&#8220;fan&#8220; gradient_type=&#8220;default&#8220;][vc_column column_padding=&#8220;no-extra-padding&#8220; column_padding_tablet=&#8220;inherit&#8220; column_padding_phone=&#8220;inherit&#8220; column_padding_position=&#8220;all&#8220; flex_gap_desktop=&#8220;10px&#8220; column_element_direction_desktop=&#8220;default&#8220; column_element_spacing=&#8220;default&#8220; desktop_text_alignment=&#8220;default&#8220; tablet_text_alignment=&#8220;default&#8220; phone_text_alignment=&#8220;default&#8220; background_color_opacity=&#8220;1&#8243; background_hover_color_opacity=&#8220;1&#8243; column_backdrop_filter=&#8220;none&#8220; column_shadow=&#8220;none&#8220; column_border_radius=&#8220;none&#8220; column_link_target=&#8220;_self&#8220; column_position=&#8220;default&#8220; gradient_direction=&#8220;left_to_right&#8220; overlay_strength=&#8220;0.3&#8243; width=&#8220;1\/6&#8243; tablet_width_inherit=&#8220;default&#8220; animation_type=&#8220;default&#8220; bg_image_animation=&#8220;none&#8220; border_type=&#8220;simple&#8220; column_border_width=&#8220;none&#8220; column_border_style=&#8220;solid&#8220;][\/vc_column][vc_column column_padding=&#8220;no-extra-padding&#8220; column_padding_tablet=&#8220;inherit&#8220; column_padding_phone=&#8220;inherit&#8220; column_padding_position=&#8220;all&#8220; flex_gap_desktop=&#8220;10px&#8220; column_element_direction_desktop=&#8220;default&#8220; column_element_spacing=&#8220;default&#8220; desktop_text_alignment=&#8220;default&#8220; tablet_text_alignment=&#8220;default&#8220; phone_text_alignment=&#8220;default&#8220; background_color_opacity=&#8220;1&#8243; background_hover_color_opacity=&#8220;1&#8243; column_backdrop_filter=&#8220;none&#8220; column_shadow=&#8220;none&#8220; column_border_radius=&#8220;none&#8220; column_link_target=&#8220;_self&#8220; column_position=&#8220;default&#8220; gradient_direction=&#8220;left_to_right&#8220; overlay_strength=&#8220;0.3&#8243; width=&#8220;2\/3&#8243; tablet_width_inherit=&#8220;default&#8220; animation_type=&#8220;default&#8220; bg_image_animation=&#8220;none&#8220; border_type=&#8220;simple&#8220; column_border_width=&#8220;none&#8220; column_border_style=&#8220;solid&#8220; column_padding_type=&#8220;default&#8220; gradient_type=&#8220;default&#8220;][vc_custom_heading text=&#8220;Verkaufsbedingungen&#8220; font_container=&#8220;tag:h1|text_align:left&#8220; use_theme_fonts=&#8220;yes&#8220; css_animation=&#8220;none&#8220; css=&#8220;.vc_custom_1764163943739{margin-bottom: -10px !important;}&#8220;][divider line_type=&#8220;No Line&#8220; custom_height=&#8220;30&#8243;][\/vc_column][vc_column column_padding=&#8220;no-extra-padding&#8220; column_padding_tablet=&#8220;inherit&#8220; column_padding_phone=&#8220;inherit&#8220; column_padding_position=&#8220;all&#8220; flex_gap_desktop=&#8220;10px&#8220; column_element_direction_desktop=&#8220;default&#8220; column_element_spacing=&#8220;default&#8220; desktop_text_alignment=&#8220;default&#8220; tablet_text_alignment=&#8220;default&#8220; phone_text_alignment=&#8220;default&#8220; background_color_opacity=&#8220;1&#8243; background_hover_color_opacity=&#8220;1&#8243; column_backdrop_filter=&#8220;none&#8220; column_shadow=&#8220;none&#8220; column_border_radius=&#8220;none&#8220; column_link_target=&#8220;_self&#8220; column_position=&#8220;default&#8220; gradient_direction=&#8220;left_to_right&#8220; overlay_strength=&#8220;0.3&#8243; width=&#8220;1\/6&#8243; tablet_width_inherit=&#8220;default&#8220; animation_type=&#8220;default&#8220; bg_image_animation=&#8220;none&#8220; border_type=&#8220;simple&#8220; column_border_width=&#8220;none&#8220; column_border_style=&#8220;solid&#8220;][\/vc_column][\/vc_row][vc_row type=&#8220;full_width_background&#8220; full_screen_row_position=&#8220;middle&#8220; column_margin=&#8220;default&#8220; equal_height=&#8220;yes&#8220; content_placement=&#8220;top&#8220; column_direction=&#8220;default&#8220; column_direction_tablet=&#8220;default&#8220; column_direction_phone=&#8220;default&#8220; scene_position=&#8220;center&#8220; top_padding=&#8220;5%&#8220; bottom_padding=&#8220;10%&#8220; text_color=&#8220;dark&#8220; text_align=&#8220;left&#8220; row_border_radius=&#8220;none&#8220; row_border_radius_applies=&#8220;bg&#8220; row_position_desktop=&#8220;default&#8220; row_position_tablet=&#8220;inherit&#8220; row_position_phone=&#8220;inherit&#8220; overflow=&#8220;visible&#8220; color_overlay=&#8220;#FFFFFF&#8220; overlay_strength=&#8220;0.3&#8243; gradient_direction=&#8220;left_to_right&#8220; shape_divider_position=&#8220;bottom&#8220; bg_image_animation=&#8220;none&#8220; shape_type=&#8220;&#8220; gradient_type=&#8220;default&#8220;][vc_column column_padding=&#8220;no-extra-padding&#8220; column_padding_tablet=&#8220;inherit&#8220; column_padding_phone=&#8220;inherit&#8220; column_padding_position=&#8220;right&#8220; flex_gap_desktop=&#8220;10px&#8220; column_element_direction_desktop=&#8220;default&#8220; column_element_spacing=&#8220;default&#8220; desktop_text_alignment=&#8220;default&#8220; tablet_text_alignment=&#8220;default&#8220; phone_text_alignment=&#8220;default&#8220; background_color_opacity=&#8220;1&#8243; background_hover_color_opacity=&#8220;1&#8243; column_backdrop_filter=&#8220;none&#8220; column_shadow=&#8220;none&#8220; column_border_radius=&#8220;none&#8220; column_link_target=&#8220;_self&#8220; column_position=&#8220;default&#8220; gradient_direction=&#8220;left_to_right&#8220; overlay_strength=&#8220;0.3&#8243; width=&#8220;1\/1&#8243; tablet_width_inherit=&#8220;default&#8220; animation_type=&#8220;default&#8220; bg_image_animation=&#8220;none&#8220; border_type=&#8220;simple&#8220; column_border_width=&#8220;none&#8220; column_border_style=&#8220;solid&#8220; column_padding_type=&#8220;default&#8220; gradient_type=&#8220;default&#8220;][vc_row_inner column_margin=&#8220;default&#8220; column_direction=&#8220;default&#8220; column_direction_tablet=&#8220;default&#8220; column_direction_phone=&#8220;default&#8220; text_align=&#8220;left&#8220; row_position=&#8220;default&#8220; row_position_tablet=&#8220;inherit&#8220; row_position_phone=&#8220;inherit&#8220; overflow=&#8220;visible&#8220; pointer_events=&#8220;all&#8220;][vc_column_inner column_padding=&#8220;no-extra-padding&#8220; column_padding_tablet=&#8220;inherit&#8220; column_padding_phone=&#8220;inherit&#8220; column_padding_position=&#8220;all&#8220; flex_gap_desktop=&#8220;10px&#8220; column_element_direction_desktop=&#8220;default&#8220; column_element_spacing=&#8220;default&#8220; desktop_text_alignment=&#8220;default&#8220; tablet_text_alignment=&#8220;default&#8220; phone_text_alignment=&#8220;default&#8220; background_color_opacity=&#8220;1&#8243; background_hover_color_opacity=&#8220;1&#8243; column_backdrop_filter=&#8220;none&#8220; column_shadow=&#8220;none&#8220; column_border_radius=&#8220;none&#8220; column_link_target=&#8220;_self&#8220; overflow=&#8220;visible&#8220; gradient_direction=&#8220;left_to_right&#8220; overlay_strength=&#8220;0.3&#8243; width=&#8220;1\/1&#8243; tablet_width_inherit=&#8220;default&#8220; animation_type=&#8220;default&#8220; bg_image_animation=&#8220;none&#8220; border_type=&#8220;simple&#8220; column_border_width=&#8220;none&#8220; column_border_style=&#8220;solid&#8220;][vc_column_text css=&#8220;&#8220; text_direction=&#8220;default&#8220;]\n<h3><b>Allgemeine Verkaufsbedingungen<\/b><\/h3>\n<p class=\"p3\">Diese Allgemeinen Verkaufsbedingungen (nachfolgend \u201eBedingungen\u201c) regeln den Fernabsatz der \u00fcber die Website <span class=\"s2\"><b>https:\/\/clubmoritzino.it\/<\/b><\/span> (nachfolgend \u201eWebsite\u201c) angebotenen Produkte und das Vertragsverh\u00e4ltnis zwischen dem Verk\u00e4ufer und dem Nutzer, der eine Bestellung aufgibt (nachfolgend \u201eKunde\u201c).<\/p>\n<p class=\"p3\">Mit Abgabe einer Bestellung erkl\u00e4rt der Kunde, diese Bedingungen gelesen, verstanden und vollst\u00e4ndig akzeptiert zu haben.<\/p>\n<hr \/>\n<h3><b>Identit\u00e4t des Verk\u00e4ufers und Kontakt<\/b><\/h3>\n<p class=\"p4\"><span class=\"s3\">Der Verk\u00e4ufer ist <\/span><b>MORITZINO S.R.L.<\/b><span class=\"s3\">, mit Sitz in <\/span><b>Badia (BZ), Piz La Villa 154 \u2013 39036<\/b><span class=\"s3\">,<\/span><\/p>\n<p class=\"p3\">USt-IdNr. \/ Steuernummer <span class=\"s2\"><b>03303040210<\/b><\/span>,<\/p>\n<p class=\"p4\"><span class=\"s3\">REA <\/span><b>BZ-248760<\/b><span class=\"s3\">,<\/span><\/p>\n<p class=\"p3\">zertifizierte E-Mail (PEC): <span class=\"s2\"><b>moritzino@namirialpec.it<\/b><\/span>.<\/p>\n<p class=\"p3\">E-Commerce-Kundendienst: <span class=\"s2\"><b>info@clubmoritzino.it<\/b><b><\/b><\/span><\/p>\n<hr \/>\n<h3><b>Begriffsbestimmungen<\/b><\/h3>\n<ul>\n<li>\n<p class=\"p1\"><span class=\"s1\"><b>Verbraucher (B2C)<\/b><\/span>: nat\u00fcrliche Person, die zu Zwecken handelt, die nicht ihrer gewerblichen oder beruflichen T\u00e4tigkeit zugerechnet werden k\u00f6nnen.<\/p>\n<\/li>\n<li>\n<p class=\"p1\"><span class=\"s1\"><b>Unternehmer (B2B)<\/b><\/span>: nat\u00fcrliche oder juristische Person, die im Rahmen ihrer gewerblichen oder beruflichen T\u00e4tigkeit handelt.<\/p>\n<\/li>\n<li>\n<p class=\"p1\"><span class=\"s1\"><b>Produkte<\/b><\/span>: die auf der Website angebotenen Waren, wie in den jeweiligen Produktbeschreibungen dargestellt.<\/p>\n<\/li>\n<\/ul>\n<hr \/>\n<h3><b>Vertragsgegenstand und Geltungsbereich<\/b><\/h3>\n<p class=\"p3\">Diese Bedingungen gelten f\u00fcr alle \u00fcber die Website abgeschlossenen Kaufvertr\u00e4ge. Abweichende Vereinbarungen sind nur wirksam, wenn sie schriftlich vom Verk\u00e4ufer best\u00e4tigt wurden.<\/p>\n<hr \/>\n<h3><b>Produktinformationen<\/b><\/h3>\n<p class=\"p3\">Die wesentlichen Eigenschaften der Produkte sind in den jeweiligen Produktbeschreibungen angegeben.<\/p>\n<p class=\"p3\">Abbildungen dienen lediglich der Illustration; Farbabweichungen aufgrund von Bildschirmdarstellungen stellen keinen Mangel dar.<\/p>\n<hr \/>\n<h3><b>Preise, Steuern und Zusatzkosten<\/b><\/h3>\n<p class=\"p3\">Alle Preise sind in <span class=\"s2\"><b>Euro<\/b><\/span> angegeben und verstehen sich, sofern nicht anders angegeben, <span class=\"s2\"><b>inklusive Mehrwertsteuer<\/b><\/span>.<\/p>\n<p class=\"p3\">Versandkosten oder sonstige Zusatzkosten werden vor Abschluss der Bestellung separat ausgewiesen.<\/p>\n<p class=\"p3\">Der Verk\u00e4ufer beh\u00e4lt sich das Recht vor, Preise und Verf\u00fcgbarkeiten jederzeit zu \u00e4ndern. Ma\u00dfgeblich sind die Preise zum Zeitpunkt der Bestellung.<\/p>\n<hr \/>\n<h3><b>Registrierung, Benutzerkonto und Richtigkeit der Angaben<\/b><\/h3>\n<p class=\"p3\">Der Kunde ist f\u00fcr die Richtigkeit und Vollst\u00e4ndigkeit der angegebenen Daten verantwortlich. Der Verk\u00e4ufer haftet nicht f\u00fcr Verz\u00f6gerungen oder Probleme aufgrund fehlerhafter Angaben.<\/p>\n<hr \/>\n<h3><b>Bestellvorgang und Vertragsabschluss<\/b><\/h3>\n<p class=\"p3\">Der Kauf erfolgt durch Auswahl der Produkte und Abschluss des Online-Checkouts.<\/p>\n<p class=\"p3\">Der Kaufvertrag kommt zustande, sobald der Kunde eine <span class=\"s2\"><b>Bestellbest\u00e4tigung per E-Mail<\/b><\/span> erh\u00e4lt. Der Verk\u00e4ufer beh\u00e4lt sich das Recht vor, Bestellungen aus berechtigten Gr\u00fcnden abzulehnen oder zu stornieren.<\/p>\n<hr \/>\n<h3><b>Zahlungsarten<\/b><\/h3>\n<p class=\"p3\">Auf der Website werden ausschlie\u00dflich folgende Zahlungsarten akzeptiert:<\/p>\n<ul>\n<li>\n<p class=\"p1\"><b>Kredit- und Debitkarte<\/b><b><\/b><\/p>\n<\/li>\n<li>\n<p class=\"p1\"><span class=\"s1\"><b>Stripe<\/b><\/span> (Zahlungsdienstleister)<\/p>\n<\/li>\n<\/ul>\n<p class=\"p3\">Die Zahlung erfolgt \u00fcber gesicherte Verbindungen. Der Verk\u00e4ufer speichert keine vollst\u00e4ndigen Zahlungsdaten.<\/p>\n<hr \/>\n<h3><b>Produktverf\u00fcgbarkeit<\/b><\/h3>\n<p class=\"p3\">Die angezeigte Verf\u00fcgbarkeit ist indikativ. Sollte ein Produkt nach Bestellabschluss nicht verf\u00fcgbar sein, wird der Kunde informiert und erh\u00e4lt wahlweise eine alternative L\u00f6sung oder eine R\u00fcckerstattung.<\/p>\n<hr \/>\n<h3><b>Versand und Lieferung<\/b><\/h3>\n<p class=\"p3\">Versandarten, -kosten und voraussichtliche Lieferzeiten werden im Checkout und\/oder auf der Seite \u201eVersand &amp; R\u00fcckgabe\u201c angegeben.<\/p>\n<p class=\"p3\">Der Kunde ist verpflichtet, die Lieferung bei Erhalt zu \u00fcberpr\u00fcfen und etwaige M\u00e4ngel unverz\u00fcglich an <span class=\"s2\"><b>info@clubmoritzino.it<\/b><\/span> zu melden.<\/p>\n<hr \/>\n<h3><b>Gefahr\u00fcbergang<\/b><\/h3>\n<p class=\"p3\">Bei <span class=\"s2\"><b>Verbrauchern<\/b><\/span> geht die Gefahr mit \u00dcbergabe der Ware an den Kunden oder einen von ihm benannten Dritten \u00fcber.<\/p>\n<p class=\"p3\">Bei <span class=\"s2\"><b>Unternehmern<\/b><\/span> richtet sich der Gefahr\u00fcbergang nach den gesetzlichen Bestimmungen.<\/p>\n<hr \/>\n<h3><b>Widerrufsrecht (nur Verbraucher)<\/b><\/h3>\n<p class=\"p3\">Verbraucher haben das Recht, den Vertrag innerhalb von <span class=\"s2\"><b>14 (vierzehn) Tagen<\/b><\/span> ohne Angabe von Gr\u00fcnden zu widerrufen.<\/p>\n<p class=\"p3\">Der Widerruf ist per E-Mail an <span class=\"s2\"><b>info@clubmoritzino.it<\/b><\/span> zu richten und muss mindestens folgende Angaben enthalten:<\/p>\n<ul>\n<li>\n<p class=\"p1\">Bestellnummer<\/p>\n<\/li>\n<li>\n<p class=\"p1\">betroffene Produkte<\/p>\n<\/li>\n<li>\n<p class=\"p1\">Name und Kontaktdaten des Kunden<\/p>\n<\/li>\n<\/ul>\n<hr \/>\n<h3><b>Folgen des Widerrufs und R\u00fccksendung<\/b><\/h3>\n<p class=\"p3\">Im Falle eines wirksamen Widerrufs:<\/p>\n<ul>\n<li>\n<p class=\"p1\">m\u00fcssen die Produkte innerhalb von <span class=\"s1\"><b>14 Tagen<\/b><\/span> zur\u00fcckgesendet werden;<\/p>\n<\/li>\n<li>\n<p class=\"p1\">m\u00fcssen die Produkte unbesch\u00e4digt, vollst\u00e4ndig und m\u00f6glichst in Originalverpackung zur\u00fcckgesendet werden;<\/p>\n<\/li>\n<li>\n<p class=\"p1\">tr\u00e4gt der Verbraucher die R\u00fccksendekosten.<\/p>\n<\/li>\n<\/ul>\n<hr \/>\n<h3><b>R\u00fcckerstattung<\/b><\/h3>\n<p class=\"p3\">Die R\u00fcckerstattung erfolgt innerhalb von <span class=\"s2\"><b>14 Tagen<\/b><\/span> nach Eingang des Widerrufs \u00fcber dasselbe Zahlungsmittel.<\/p>\n<p class=\"p3\">Der Verk\u00e4ufer kann die R\u00fcckzahlung verweigern, bis die Ware zur\u00fcckerhalten wurde oder ein Nachweis \u00fcber die R\u00fccksendung vorliegt.<\/p>\n<hr \/>\n<h3><b>Ausschluss des Widerrufsrechts<\/b><\/h3>\n<p class=\"p3\">Das Widerrufsrecht ist ausgeschlossen bei:<\/p>\n<ul>\n<li>\n<p class=\"p1\">ma\u00dfgefertigten oder personalisierten Produkten;<\/p>\n<\/li>\n<li>\n<p class=\"p1\">versiegelten Waren aus Hygienegr\u00fcnden, wenn die Versiegelung entfernt wurde;<\/p>\n<\/li>\n<li>\n<p class=\"p1\">entsiegelten Audio-\/Videoaufzeichnungen oder Software.<\/p>\n<\/li>\n<\/ul>\n<hr \/>\n<h3><b>Gesetzliche Gew\u00e4hrleistung (Verbraucher)<\/b><\/h3>\n<p class=\"p3\">F\u00fcr Verbraucher gilt die gesetzliche Gew\u00e4hrleistung gem\u00e4\u00df italienischem Verbraucherschutzrecht.<\/p>\n<p class=\"p3\">Reklamationen sind an <span class=\"s2\"><b>info@clubmoritzino.it<\/b><\/span> zu richten.<\/p>\n<hr \/>\n<h3><b>Haftungsbeschr\u00e4nkung<\/b><\/h3>\n<p class=\"p3\">Unbeschadet zwingender Verbraucherrechte haftet der Verk\u00e4ufer nicht f\u00fcr:<\/p>\n<ul>\n<li>\n<p class=\"p1\">h\u00f6here Gewalt;<\/p>\n<\/li>\n<li>\n<p class=\"p1\">Verz\u00f6gerungen durch Versanddienstleister;<\/p>\n<\/li>\n<li>\n<p class=\"p1\">fehlerhafte Lieferdaten;<\/p>\n<\/li>\n<li>\n<p class=\"p1\">Internetst\u00f6rungen au\u00dferhalb seines Einflussbereichs.<\/p>\n<\/li>\n<\/ul>\n<hr \/>\n<h3><b>Geistiges Eigentum<\/b><\/h3>\n<p class=\"p3\">Alle Inhalte, Marken und Logos auf der Website sind urheberrechtlich gesch\u00fctzt.<\/p>\n<hr \/>\n<h3><b>Datenschutz<\/b><\/h3>\n<p class=\"p3\">Die Verarbeitung personenbezogener Daten erfolgt gem\u00e4\u00df der Datenschutzrichtlinie (Privacy Policy) der Website.<\/p>\n<hr \/>\n<h3><b>Streitbeilegung und Gerichtsstand<\/b><\/h3>\n<p class=\"p4\"><span class=\"s3\">Es gilt <\/span><b>italienisches Recht<\/b><span class=\"s3\">.<\/span><\/p>\n<p class=\"p3\">Verbraucher k\u00f6nnen die europ\u00e4ische Online-Streitbeilegungsplattform nutzen:<\/p>\n<p class=\"p3\">https:\/\/ec.europa.eu\/consumers\/odr\/<\/p>\n<hr \/>\n<h3><b>\u00c4nderungen der Bedingungen<\/b><\/h3>\n<p class=\"p3\">Der Verk\u00e4ufer beh\u00e4lt sich vor, diese Bedingungen jederzeit zu \u00e4ndern. Ma\u00dfgeblich ist die zum Zeitpunkt der Bestellung g\u00fcltige Fassung.<\/p>\n[\/vc_column_text][\/vc_column_inner][\/vc_row_inner][\/vc_column][\/vc_row]\n","protected":false},"excerpt":{"rendered":"<p>[vc_row type=&#8220;full_width_background&#8220; full_screen_row_position=&#8220;middle&#8220; column_margin=&#8220;default&#8220; equal_height=&#8220;yes&#8220; column_direction=&#8220;default&#8220; column_direction_tablet=&#8220;default&#8220; column_direction_phone=&#8220;default&#8220; bg_image=&#8220;1822&#8243; bg_image_type=&#8220;default&#8220; bg_position=&#8220;center center&#8220; background_image_loading=&#8220;default&#8220; bg_repeat=&#8220;no-repeat&#8220; scene_position=&#8220;center&#8220; top_padding=&#8220;20%&#8220; bottom_padding=&#8220;30%&#8220; text_color=&#8220;light&#8220; text_align=&#8220;left&#8220; row_border_radius=&#8220;none&#8220; row_border_radius_applies=&#8220;bg&#8220; row_position_desktop=&#8220;default&#8220; row_position_tablet=&#8220;inherit&#8220; row_position_phone=&#8220;inherit&#8220;&#8230;<\/p>\n","protected":false},"author":1,"featured_media":0,"parent":0,"menu_order":0,"comment_status":"closed","ping_status":"closed","template":"","meta":{"_EventAllDay":false,"_EventTimezone":"","_EventStartDate":"","_EventEndDate":"","_EventStartDateUTC":"","_EventEndDateUTC":"","_EventShowMap":false,"_EventShowMapLink":false,"_EventURL":"","_EventCost":"","_EventCostDescription":"","_EventCurrencySymbol":"","_EventCurrencyCode":"","_EventCurrencyPosition":"","_EventDateTimeSeparator":"","_EventTimeRangeSeparator":"","_EventOrganizerID":[],"_EventVenueID":[],"_OrganizerEmail":"","_OrganizerPhone":"","_OrganizerWebsite":"","_VenueAddress":"","_VenueCity":"","_VenueCountry":"","_VenueProvince":"","_VenueState":"","_VenueZip":"","_VenuePhone":"","_VenueURL":"","_VenueStateProvince":"","_VenueLat":"","_VenueLng":"","_VenueShowMap":false,"_VenueShowMapLink":false,"footnotes":""},"class_list":["post-3308","page","type-page","status-publish"],"_links":{"self":[{"href":"https:\/\/clubmoritzino.it\/de\/wp-json\/wp\/v2\/pages\/3308","targetHints":{"allow":["GET"]}}],"collection":[{"href":"https:\/\/clubmoritzino.it\/de\/wp-json\/wp\/v2\/pages"}],"about":[{"href":"https:\/\/clubmoritzino.it\/de\/wp-json\/wp\/v2\/types\/page"}],"author":[{"embeddable":true,"href":"https:\/\/clubmoritzino.it\/de\/wp-json\/wp\/v2\/users\/1"}],"replies":[{"embeddable":true,"href":"https:\/\/clubmoritzino.it\/de\/wp-json\/wp\/v2\/comments?post=3308"}],"version-history":[{"count":5,"href":"https:\/\/clubmoritzino.it\/de\/wp-json\/wp\/v2\/pages\/3308\/revisions"}],"predecessor-version":[{"id":5151,"href":"https:\/\/clubmoritzino.it\/de\/wp-json\/wp\/v2\/pages\/3308\/revisions\/5151"}],"wp:attachment":[{"href":"https:\/\/clubmoritzino.it\/de\/wp-json\/wp\/v2\/media?parent=3308"}],"curies":[{"name":"wp","href":"https:\/\/api.w.org\/{rel}","templated":true}]}}